{"id":5,"date":"2019-08-28T12:06:42","date_gmt":"2019-08-28T12:06:42","guid":{"rendered":"https:\/\/demosites.io\/rokophoto-bb\/?page_id=5"},"modified":"2025-09-26T14:22:02","modified_gmt":"2025-09-26T11:22:02","slug":"home","status":"publish","type":"page","link":"https:\/\/jennikoho.com\/fi\/","title":{"rendered":"Etusivu"},"content":{"rendered":"<img decoding=\"async\" data-src=\"https:\/\/jennikoho.com\/wp-content\/uploads\/2024\/02\/Jenni-koho-black-text.png\" alt=\"Jenni-koho-black-text\" itemprop=\"image\" height=\"1000\" width=\"1000\" title=\"Jenni-koho-black-text\" onerror=\"this.style.display='none'\" src=\"data:image\/svg+xml;base64,PHN2ZyB3aWR0aD0iMSIgaGVpZ2h0PSIxIiB4bWxucz0iaHR0cDovL3d3dy53My5vcmcvMjAwMC9zdmciPjwvc3ZnPg==\" class=\"lazyload\" style=\"--smush-placeholder-width: 1000px; --smush-placeholder-aspect-ratio: 1000\/1000;\" \/>\n\t<p>CREATIVE<\/p>\n<ul>\n    <li>\n        <a href=\"https:\/\/www.instagram.com\/kohovisuals\/\" target=\"_blank\"><\/a>\n    <\/li>\n     <li>\n        <a href=\"https:\/\/www.pinterest.com\/kohovisuals\/\" target=\"_blank\"><\/a>\n    <\/li>\n    <li>\n        <a href=\"https:\/\/www.linkedin.com\/in\/jennikoho\/\" target=\"_blank\"><\/a>\n    <\/li>\n      <li>\n        <a href=\"https:\/\/www.facebook.com\/kohovisuals\" target=\"_blank\"><\/a>\n    <\/li>\n<\/ul>\n\t<h2>VALOKUVAUS<\/h2>\n\t<p>Tuotekuvaus, potretit &amp; kuvapankit<\/p>\n\t\t\t\t<a href=\"https:\/\/jennikoho.com\/wp-content\/uploads\/2024\/02\/Jenni-Johanna-Koho-Visuals-Premium-portraits.jpg\"  target=\"_self\" itemprop=\"url\">\n\t\t\t\t<img decoding=\"async\" data-src=\"https:\/\/jennikoho.com\/wp-content\/uploads\/2024\/02\/Jenni-Johanna-Koho-Visuals-Premium-portraits.jpg\" alt=\"Jenni-Johanna-Koho-Visuals-Premium-portraits\" itemprop=\"image\" height=\"1067\" width=\"1600\" title=\"Jenni-Johanna-Koho-Visuals-Premium-portraits\" onerror=\"this.style.display='none'\" src=\"data:image\/svg+xml;base64,PHN2ZyB3aWR0aD0iMSIgaGVpZ2h0PSIxIiB4bWxucz0iaHR0cDovL3d3dy53My5vcmcvMjAwMC9zdmciPjwvc3ZnPg==\" class=\"lazyload\" style=\"--smush-placeholder-width: 1600px; --smush-placeholder-aspect-ratio: 1600\/1067;\" \/>\n\t\t\t\t<\/a>\n\t\t\t\t<a href=\"https:\/\/jennikoho.com\/wp-content\/uploads\/2022\/05\/professional-photography-services-in-helsinki-vantaa-by-jenni-joanna-visuals-oy.jpg\"  target=\"_self\" itemprop=\"url\">\n\t\t\t\t<img decoding=\"async\" data-src=\"https:\/\/jennikoho.com\/wp-content\/uploads\/2022\/05\/professional-photography-services-in-helsinki-vantaa-by-jenni-joanna-visuals-oy.jpg\" alt=\"Product photo with a woman model presenting pears and a jar of cosmetic cream styled by Jenni Joanna Visuals.\" itemprop=\"image\" height=\"1067\" width=\"1600\" title=\"Professional product photography by Jenni Joanna Visuals Oy\" onerror=\"this.style.display='none'\" src=\"data:image\/svg+xml;base64,PHN2ZyB3aWR0aD0iMSIgaGVpZ2h0PSIxIiB4bWxucz0iaHR0cDovL3d3dy53My5vcmcvMjAwMC9zdmciPjwvc3ZnPg==\" class=\"lazyload\" style=\"--smush-placeholder-width: 1600px; --smush-placeholder-aspect-ratio: 1600\/1067;\" \/>\n\t\t\t\t<\/a>\n\t\t\t\t<a href=\"https:\/\/jennikoho.com\/wp-content\/uploads\/2022\/05\/lifestyle-photographer-with-best-rated-service.jpg\"  target=\"_self\" itemprop=\"url\">\n\t\t\t\t<img decoding=\"async\" data-src=\"https:\/\/jennikoho.com\/wp-content\/uploads\/2022\/05\/lifestyle-photographer-with-best-rated-service.jpg\" alt=\"Lifestyle product photo of a woman applying lip cream on a sunny day in front of a yellow background..\" itemprop=\"image\" height=\"1067\" width=\"1600\" title=\"lifestyle-photographer-with-best-rated-service\" onerror=\"this.style.display='none'\" src=\"data:image\/svg+xml;base64,PHN2ZyB3aWR0aD0iMSIgaGVpZ2h0PSIxIiB4bWxucz0iaHR0cDovL3d3dy53My5vcmcvMjAwMC9zdmciPjwvc3ZnPg==\" class=\"lazyload\" style=\"--smush-placeholder-width: 1600px; --smush-placeholder-aspect-ratio: 1600\/1067;\" \/>\n\t\t\t\t<\/a>\n\t\t\t\t<a href=\"https:\/\/jennikoho.com\/wp-content\/uploads\/2022\/05\/fine-art-portrait-photographer-jenni-joanna-visuals.jpg\"  target=\"_self\" itemprop=\"url\">\n\t\t\t\t<img decoding=\"async\" data-src=\"https:\/\/jennikoho.com\/wp-content\/uploads\/2022\/05\/fine-art-portrait-photographer-jenni-joanna-visuals.jpg\" alt=\"Portrait of two loving sisters wearing princess dresses sitting on a field holding a toy bear.\" itemprop=\"image\" height=\"1067\" width=\"1600\" title=\"Fine art portrait photography\" onerror=\"this.style.display='none'\" src=\"data:image\/svg+xml;base64,PHN2ZyB3aWR0aD0iMSIgaGVpZ2h0PSIxIiB4bWxucz0iaHR0cDovL3d3dy53My5vcmcvMjAwMC9zdmciPjwvc3ZnPg==\" class=\"lazyload\" style=\"--smush-placeholder-width: 1600px; --smush-placeholder-aspect-ratio: 1600\/1067;\" \/>\n\t\t\t\t<\/a>\n\t<h2>STAILAUS<\/h2>\n\t<p>Kuvausj\u00e4rjestelyt, visuaaliset projektit &amp; br\u00e4nd\u00e4ys<\/p>\n\t\t\t\t<a href=\"https:\/\/jennikoho.com\/wp-content\/uploads\/2022\/05\/jenni-joanna-visuals-work-samples-with-plants-and-water-1.jpg\"  target=\"_self\" itemprop=\"url\">\n\t\t\t\t<img decoding=\"async\" data-src=\"https:\/\/jennikoho.com\/wp-content\/uploads\/2022\/05\/jenni-joanna-visuals-work-samples-with-plants-and-water-1.jpg\" alt=\"Fine art product photo of a cosmetic jar floating on a river with green plants and drops of water.\" itemprop=\"image\" height=\"1067\" width=\"1600\" title=\"Fine art and still life photography\" onerror=\"this.style.display='none'\" src=\"data:image\/svg+xml;base64,PHN2ZyB3aWR0aD0iMSIgaGVpZ2h0PSIxIiB4bWxucz0iaHR0cDovL3d3dy53My5vcmcvMjAwMC9zdmciPjwvc3ZnPg==\" class=\"lazyload\" style=\"--smush-placeholder-width: 1600px; --smush-placeholder-aspect-ratio: 1600\/1067;\" \/>\n\t\t\t\t<\/a>\n\t\t\t\t<a href=\"https:\/\/jennikoho.com\/wp-content\/uploads\/2023\/01\/Kosmetiikka-valokuvaaja-tuotekuvauksiin.jpg\"  target=\"_self\" itemprop=\"url\">\n\t\t\t\t<img decoding=\"async\" data-src=\"https:\/\/jennikoho.com\/wp-content\/uploads\/2023\/01\/Kosmetiikka-valokuvaaja-tuotekuvauksiin.jpg\" alt=\"Styled product photo of red make-up liners placed next to a branch and a flower.\" itemprop=\"image\" height=\"1067\" width=\"1600\" title=\"Kosmetiikka-valokuvaaja-tuotekuvauksiin\" onerror=\"this.style.display='none'\" src=\"data:image\/svg+xml;base64,PHN2ZyB3aWR0aD0iMSIgaGVpZ2h0PSIxIiB4bWxucz0iaHR0cDovL3d3dy53My5vcmcvMjAwMC9zdmciPjwvc3ZnPg==\" class=\"lazyload\" style=\"--smush-placeholder-width: 1600px; --smush-placeholder-aspect-ratio: 1600\/1067;\" \/>\n\t\t\t\t<\/a>\n\t\t\t\t<a href=\"https:\/\/jennikoho.com\/wp-content\/uploads\/2023\/01\/Premium-product-photography-and-styling-1.jpg\"  target=\"_self\" itemprop=\"url\">\n\t\t\t\t<img decoding=\"async\" data-src=\"https:\/\/jennikoho.com\/wp-content\/uploads\/2023\/01\/Premium-product-photography-and-styling-1.jpg\" alt=\"Product styling and photography work for branding and premium art prints.\" itemprop=\"image\" height=\"1067\" width=\"1600\" title=\"Premium-product-photography-and-styling\" onerror=\"this.style.display='none'\" src=\"data:image\/svg+xml;base64,PHN2ZyB3aWR0aD0iMSIgaGVpZ2h0PSIxIiB4bWxucz0iaHR0cDovL3d3dy53My5vcmcvMjAwMC9zdmciPjwvc3ZnPg==\" class=\"lazyload\" style=\"--smush-placeholder-width: 1600px; --smush-placeholder-aspect-ratio: 1600\/1067;\" \/>\n\t\t\t\t<\/a>\n\t\t\t\t<a href=\"https:\/\/jennikoho.com\/wp-content\/uploads\/2022\/05\/Tuotekuvaus_valokuvaaja_Helsinki.jpg\"  target=\"_self\" itemprop=\"url\">\n\t\t\t\t<img decoding=\"async\" data-src=\"https:\/\/jennikoho.com\/wp-content\/uploads\/2022\/05\/Tuotekuvaus_valokuvaaja_Helsinki.jpg\" alt=\"Tuotekuvaus_valokuvaaja_Helsinki\" itemprop=\"image\" height=\"1067\" width=\"1600\" title=\"Tuotekuvaus_valokuvaaja_Helsinki\" onerror=\"this.style.display='none'\" src=\"data:image\/svg+xml;base64,PHN2ZyB3aWR0aD0iMSIgaGVpZ2h0PSIxIiB4bWxucz0iaHR0cDovL3d3dy53My5vcmcvMjAwMC9zdmciPjwvc3ZnPg==\" class=\"lazyload\" style=\"--smush-placeholder-width: 1600px; --smush-placeholder-aspect-ratio: 1600\/1067;\" \/>\n\t\t\t\t<\/a>\n\t<h2>TAITEELLINEN LUOMINEN<\/h2>\n\t<p>Kuvitukset, sis\u00e4ll\u00f6ntuotanto &amp; design<\/p>\n\t\t\t\t<a href=\"https:\/\/jennikoho.com\/wp-content\/uploads\/2024\/02\/Jenni-Koho-Final-Flower-Design.jpg\"  target=\"_self\" itemprop=\"url\">\n\t\t\t\t<img decoding=\"async\" data-src=\"https:\/\/jennikoho.com\/wp-content\/uploads\/2024\/02\/Jenni-Koho-Final-Flower-Design.jpg\" alt=\"Jenni-Koho-Final-Flower-Design\" itemprop=\"image\" height=\"864\" width=\"1300\" title=\"Jenni-Koho-Final-Flower-Design\" onerror=\"this.style.display='none'\" src=\"data:image\/svg+xml;base64,PHN2ZyB3aWR0aD0iMSIgaGVpZ2h0PSIxIiB4bWxucz0iaHR0cDovL3d3dy53My5vcmcvMjAwMC9zdmciPjwvc3ZnPg==\" class=\"lazyload\" style=\"--smush-placeholder-width: 1300px; --smush-placeholder-aspect-ratio: 1300\/864;\" \/>\n\t\t\t\t<\/a>\n\t\t\t\t<a href=\"https:\/\/jennikoho.com\/wp-content\/uploads\/2024\/04\/jenni-koho-apple-illustration-pattern.jpg\"  target=\"_self\" itemprop=\"url\">\n\t\t\t\t<img decoding=\"async\" data-src=\"https:\/\/jennikoho.com\/wp-content\/uploads\/2024\/04\/jenni-koho-apple-illustration-pattern.jpg\" alt=\"jenni-koho-apple-illustration-pattern\" itemprop=\"image\" height=\"1649\" width=\"2473\" title=\"jenni-koho-apple-illustration-pattern\" onerror=\"this.style.display='none'\" src=\"data:image\/svg+xml;base64,PHN2ZyB3aWR0aD0iMSIgaGVpZ2h0PSIxIiB4bWxucz0iaHR0cDovL3d3dy53My5vcmcvMjAwMC9zdmciPjwvc3ZnPg==\" class=\"lazyload\" style=\"--smush-placeholder-width: 2473px; --smush-placeholder-aspect-ratio: 2473\/1649;\" \/>\n\t\t\t\t<\/a>\n\t\t\t\t<a href=\"https:\/\/jennikoho.com\/wp-content\/uploads\/2024\/04\/Jenni-Koho-waterlily-illustration-minimal.jpg\"  target=\"_self\" itemprop=\"url\">\n\t\t\t\t<img decoding=\"async\" data-src=\"https:\/\/jennikoho.com\/wp-content\/uploads\/2024\/04\/Jenni-Koho-waterlily-illustration-minimal-930x620.jpg\" alt=\"Jenni-Koho-waterlily-illustration-minimal\" itemprop=\"image\" height=\"620\" width=\"930\" title=\"Jenni-Koho-waterlily-illustration-minimal\" onerror=\"this.style.display='none'\" src=\"data:image\/svg+xml;base64,PHN2ZyB3aWR0aD0iMSIgaGVpZ2h0PSIxIiB4bWxucz0iaHR0cDovL3d3dy53My5vcmcvMjAwMC9zdmciPjwvc3ZnPg==\" class=\"lazyload\" style=\"--smush-placeholder-width: 930px; --smush-placeholder-aspect-ratio: 930\/620;\" \/>\n\t\t\t\t<\/a>\n\t\t\t\t<a href=\"https:\/\/jennikoho.com\/wp-content\/uploads\/2024\/04\/Peach-jenni-koho-illustration-pattern.jpg\"  target=\"_self\" itemprop=\"url\">\n\t\t\t\t<img decoding=\"async\" data-src=\"https:\/\/jennikoho.com\/wp-content\/uploads\/2024\/04\/Peach-jenni-koho-illustration-pattern-930x620.jpg\" alt=\"Peach-jenni-koho-illustration-pattern\" itemprop=\"image\" height=\"620\" width=\"930\" title=\"Peach-jenni-koho-illustration-pattern\" onerror=\"this.style.display='none'\" src=\"data:image\/svg+xml;base64,PHN2ZyB3aWR0aD0iMSIgaGVpZ2h0PSIxIiB4bWxucz0iaHR0cDovL3d3dy53My5vcmcvMjAwMC9zdmciPjwvc3ZnPg==\" class=\"lazyload\" style=\"--smush-placeholder-width: 930px; --smush-placeholder-aspect-ratio: 930\/620;\" \/>\n\t\t\t\t<\/a>\n\t\t\t<a href=\"https:\/\/holvi.com\/shop\/kohovisuals\/\" target=\"_blank\" rel=\"noopener\">\n\t\t\t\t\t\t\tKauppa\n\t\t\t\t\t<\/a>\n\t<h4>JENNI KOHO<\/h4>\n\t<ul>\n<li><strong>INFO@JENNIKOHO.COM<\/strong><\/li>\n<\/ul>\n\t\t\t\t<a href=\"https:\/\/jennikoho.com\/wp-content\/uploads\/2024\/02\/Jenni-Koho-Creative-entrepreneur-and-photographer-1.jpg\"  target=\"_blank\" rel=\"noopener\"  itemprop=\"url\">\n\t\t\t\t<img decoding=\"async\" data-src=\"https:\/\/jennikoho.com\/wp-content\/uploads\/2024\/02\/Jenni-Koho-Creative-entrepreneur-and-photographer-1.jpg\" alt=\"Jenni-Koho-Creative-entrepreneur-and-photographer\" itemprop=\"image\" height=\"1800\" width=\"1200\" title=\"Jenni-Koho-Creative-entrepreneur-and-photographer\" onerror=\"this.style.display='none'\" src=\"data:image\/svg+xml;base64,PHN2ZyB3aWR0aD0iMSIgaGVpZ2h0PSIxIiB4bWxucz0iaHR0cDovL3d3dy53My5vcmcvMjAwMC9zdmciPjwvc3ZnPg==\" class=\"lazyload\" style=\"--smush-placeholder-width: 1200px; --smush-placeholder-aspect-ratio: 1200\/1800;\" \/>\n\t\t\t\t<\/a>\n\t<p>ARVOJESI TARKOITUS ON TULLA N\u00c4KYV\u00c4KSI<\/p>\n\t<p>Jenni Koho, Koho Visuals Oy:n perustaja, on arvol\u00e4ht\u00f6inen luova yritt\u00e4j\u00e4, valokuvaaja sek\u00e4 visualisti. Markkinointiin ja valokuvaukseen keskittyneen uransa aikana h\u00e4n on ty\u00f6skennellyt tuotteliaasti erilaisten luovien projektien parissa. <\/p>\n<p>\"Jos ihminen toimii rakkaudesta k\u00e4sin, toiminta itsess\u00e4\u00e4n on jo arvokasta. Luovuuden merkitys ei synny toiminnan lopputuloksesta tai siit\u00e4 saadun hy\u00f6dyn m\u00e4\u00e4r\u00e4st\u00e4\"<\/p>\n\tinfo@jennikoho.com<br \/>\n+358 (0)45 881 5557\n\t\t\t<a href=\"https:\/\/jennikoho.com\/fi\/about\/\" target=\"_self\">\n\t\t\t\t\t\t\tLUE LIS\u00c4\u00c4\n\t\t\t\t\t<\/a>\n<ul>\n    <li>\n        <a href=\"https:\/\/www.instagram.com\/kohovisuals\/\" target=\"_blank\"><\/a>\n    <\/li>\n     <li>\n        <a href=\"https:\/\/www.pinterest.com\/kohovisuals\/\" target=\"_blank\"><\/a>\n    <\/li>\n    <li>\n        <a href=\"https:\/\/www.linkedin.com\/in\/jennikoho\/\" target=\"_blank\"><\/a>\n    <\/li>\n      <li>\n        <a href=\"https:\/\/www.facebook.com\/kohovisuals\" target=\"_blank\"><\/a>\n    <\/li>\n<\/ul>","protected":false},"excerpt":{"rendered":"<p>CREATIVE PHOTOGRAPHY Products, portraits and branding STYLING Props, planning and content ART Illustration, design &amp; purpose Shop JENNI KOHO INFO@JENNIKOHO.COM CREATIVITY WITH PURPOSE MADE VISIBLE Jenni Koho, founder of Koho Visuals, is a Finnish creative, entrepreneur and photographer specialized in creative coaching, conscious marketing and visual arts. Jenni enjoys creative pivots, heartful experiments and beauty&hellip;&nbsp;<a href=\"https:\/\/jennikoho.com\/fi\/\" rel=\"bookmark\">Lue lis\u00e4\u00e4 &raquo;<span class=\"screen-reader-text\">Etusivu<\/span><\/a><\/p>","protected":false},"author":1,"featured_media":1570,"parent":0,"menu_order":0,"comment_status":"closed","ping_status":"closed","template":"page-templates\/template-pagebuilder-full-width.php","meta":{"neve_meta_sidebar":"","neve_meta_container":"","neve_meta_enable_content_width":"","neve_meta_content_width":70,"neve_meta_title_alignment":"","neve_meta_author_avatar":"","neve_post_elements_order":"","neve_meta_disable_header":"","neve_meta_disable_footer":"","neve_meta_disable_title":"","footnotes":""},"class_list":["post-5","page","type-page","status-publish","has-post-thumbnail","hentry"],"yoast_head":"<!-- This site is optimized with the Yoast SEO plugin v27.5 - https:\/\/yoast.com\/product\/yoast-seo-wordpress\/ -->\n<title>Home - Jenni Koho - Creativity with purpose made visible<\/title>\n<meta name=\"description\" content=\"Jenni Koho, founder of Koho Visuals, is purpose driven visual artist, creativity coach and professional brand photographer based in Finland.\" \/>\n<meta name=\"robots\" content=\"index, follow, max-snippet:-1, max-image-preview:large, max-video-preview:-1\" \/>\n<link rel=\"canonical\" href=\"https:\/\/jennikoho.com\/fi\/\" \/>\n<meta property=\"og:locale\" content=\"fi_FI\" \/>\n<meta property=\"og:type\" content=\"article\" \/>\n<meta property=\"og:title\" content=\"Home - Jenni Koho - Creativity with purpose made visible\" \/>\n<meta property=\"og:description\" content=\"Jenni Koho, founder of Koho Visuals, is purpose driven visual artist, creativity coach and professional brand photographer based in Finland.\" \/>\n<meta property=\"og:url\" content=\"https:\/\/jennikoho.com\/fi\/\" \/>\n<meta property=\"og:site_name\" content=\"Jenni Koho\" \/>\n<meta property=\"article:modified_time\" content=\"2025-09-26T11:22:02+00:00\" \/>\n<meta property=\"og:image\" content=\"https:\/\/jennikoho.com\/wp-content\/uploads\/2023\/02\/Untitled-Facebook-Cover-2.png\" \/>\n\t<meta property=\"og:image:width\" content=\"2050\" \/>\n\t<meta property=\"og:image:height\" content=\"1155\" \/>\n\t<meta property=\"og:image:type\" content=\"image\/png\" \/>\n<meta name=\"twitter:card\" content=\"summary_large_image\" \/>\n<meta name=\"twitter:label1\" content=\"Arvioitu lukuaika\" \/>\n\t<meta name=\"twitter:data1\" content=\"4 minuuttia\" \/>\n<script type=\"application\/ld+json\" class=\"yoast-schema-graph\">{\"@context\":\"https:\\\/\\\/schema.org\",\"@graph\":[{\"@type\":\"WebPage\",\"@id\":\"https:\\\/\\\/jennikoho.com\\\/\",\"url\":\"https:\\\/\\\/jennikoho.com\\\/\",\"name\":\"Home - Jenni Koho - Creativity with purpose made visible\",\"isPartOf\":{\"@id\":\"https:\\\/\\\/jennikoho.com\\\/#website\"},\"primaryImageOfPage\":{\"@id\":\"https:\\\/\\\/jennikoho.com\\\/#primaryimage\"},\"image\":{\"@id\":\"https:\\\/\\\/jennikoho.com\\\/#primaryimage\"},\"thumbnailUrl\":\"https:\\\/\\\/jennikoho.com\\\/wp-content\\\/uploads\\\/2023\\\/02\\\/Untitled-Facebook-Cover-2.png\",\"datePublished\":\"2019-08-28T12:06:42+00:00\",\"dateModified\":\"2025-09-26T11:22:02+00:00\",\"description\":\"Jenni Koho, founder of Koho Visuals, is purpose driven visual artist, creativity coach and professional brand photographer based in Finland.\",\"breadcrumb\":{\"@id\":\"https:\\\/\\\/jennikoho.com\\\/#breadcrumb\"},\"inLanguage\":\"fi\",\"potentialAction\":[{\"@type\":\"ReadAction\",\"target\":[\"https:\\\/\\\/jennikoho.com\\\/\"]}]},{\"@type\":\"ImageObject\",\"inLanguage\":\"fi\",\"@id\":\"https:\\\/\\\/jennikoho.com\\\/#primaryimage\",\"url\":\"https:\\\/\\\/jennikoho.com\\\/wp-content\\\/uploads\\\/2023\\\/02\\\/Untitled-Facebook-Cover-2.png\",\"contentUrl\":\"https:\\\/\\\/jennikoho.com\\\/wp-content\\\/uploads\\\/2023\\\/02\\\/Untitled-Facebook-Cover-2.png\",\"width\":2050,\"height\":1155},{\"@type\":\"BreadcrumbList\",\"@id\":\"https:\\\/\\\/jennikoho.com\\\/#breadcrumb\",\"itemListElement\":[{\"@type\":\"ListItem\",\"position\":1,\"name\":\"Home\",\"item\":\"https:\\\/\\\/jennikoho.com\\\/\"},{\"@type\":\"ListItem\",\"position\":2,\"name\":\"Home\"}]},{\"@type\":\"WebSite\",\"@id\":\"https:\\\/\\\/jennikoho.com\\\/#website\",\"url\":\"https:\\\/\\\/jennikoho.com\\\/\",\"name\":\"Jenni Koho\",\"description\":\"Creativity with purpose made visible\",\"potentialAction\":[{\"@type\":\"SearchAction\",\"target\":{\"@type\":\"EntryPoint\",\"urlTemplate\":\"https:\\\/\\\/jennikoho.com\\\/?s={search_term_string}\"},\"query-input\":{\"@type\":\"PropertyValueSpecification\",\"valueRequired\":true,\"valueName\":\"search_term_string\"}}],\"inLanguage\":\"fi\"}]}<\/script>\n<!-- \/ Yoast SEO plugin. -->","yoast_head_json":{"title":"Home - Jenni Koho - Creativity with purpose made visible","description":"Jenni Koho, founder of Koho Visuals, is purpose driven visual artist, creativity coach and professional brand photographer based in Finland.","robots":{"index":"index","follow":"follow","max-snippet":"max-snippet:-1","max-image-preview":"max-image-preview:large","max-video-preview":"max-video-preview:-1"},"canonical":"https:\/\/jennikoho.com\/fi\/","og_locale":"fi_FI","og_type":"article","og_title":"Home - Jenni Koho - Creativity with purpose made visible","og_description":"Jenni Koho, founder of Koho Visuals, is purpose driven visual artist, creativity coach and professional brand photographer based in Finland.","og_url":"https:\/\/jennikoho.com\/fi\/","og_site_name":"Jenni Koho","article_modified_time":"2025-09-26T11:22:02+00:00","og_image":[{"width":2050,"height":1155,"url":"https:\/\/jennikoho.com\/wp-content\/uploads\/2023\/02\/Untitled-Facebook-Cover-2.png","type":"image\/png"}],"twitter_card":"summary_large_image","twitter_misc":{"Arvioitu lukuaika":"4 minuuttia"},"schema":{"@context":"https:\/\/schema.org","@graph":[{"@type":"WebPage","@id":"https:\/\/jennikoho.com\/","url":"https:\/\/jennikoho.com\/","name":"Home - Jenni Koho - Creativity with purpose made visible","isPartOf":{"@id":"https:\/\/jennikoho.com\/#website"},"primaryImageOfPage":{"@id":"https:\/\/jennikoho.com\/#primaryimage"},"image":{"@id":"https:\/\/jennikoho.com\/#primaryimage"},"thumbnailUrl":"https:\/\/jennikoho.com\/wp-content\/uploads\/2023\/02\/Untitled-Facebook-Cover-2.png","datePublished":"2019-08-28T12:06:42+00:00","dateModified":"2025-09-26T11:22:02+00:00","description":"Jenni Koho, founder of Koho Visuals, is purpose driven visual artist, creativity coach and professional brand photographer based in Finland.","breadcrumb":{"@id":"https:\/\/jennikoho.com\/#breadcrumb"},"inLanguage":"fi","potentialAction":[{"@type":"ReadAction","target":["https:\/\/jennikoho.com\/"]}]},{"@type":"ImageObject","inLanguage":"fi","@id":"https:\/\/jennikoho.com\/#primaryimage","url":"https:\/\/jennikoho.com\/wp-content\/uploads\/2023\/02\/Untitled-Facebook-Cover-2.png","contentUrl":"https:\/\/jennikoho.com\/wp-content\/uploads\/2023\/02\/Untitled-Facebook-Cover-2.png","width":2050,"height":1155},{"@type":"BreadcrumbList","@id":"https:\/\/jennikoho.com\/#breadcrumb","itemListElement":[{"@type":"ListItem","position":1,"name":"Home","item":"https:\/\/jennikoho.com\/"},{"@type":"ListItem","position":2,"name":"Home"}]},{"@type":"WebSite","@id":"https:\/\/jennikoho.com\/#website","url":"https:\/\/jennikoho.com\/","name":"Jenni Koho","description":"Arvojesi tarkoitus on tulla n\u00e4kyv\u00e4ksi","potentialAction":[{"@type":"SearchAction","target":{"@type":"EntryPoint","urlTemplate":"https:\/\/jennikoho.com\/?s={search_term_string}"},"query-input":{"@type":"PropertyValueSpecification","valueRequired":true,"valueName":"search_term_string"}}],"inLanguage":"fi"}]}},"_links":{"self":[{"href":"https:\/\/jennikoho.com\/fi\/wp-json\/wp\/v2\/pages\/5","targetHints":{"allow":["GET"]}}],"collection":[{"href":"https:\/\/jennikoho.com\/fi\/wp-json\/wp\/v2\/pages"}],"about":[{"href":"https:\/\/jennikoho.com\/fi\/wp-json\/wp\/v2\/types\/page"}],"author":[{"embeddable":true,"href":"https:\/\/jennikoho.com\/fi\/wp-json\/wp\/v2\/users\/1"}],"replies":[{"embeddable":true,"href":"https:\/\/jennikoho.com\/fi\/wp-json\/wp\/v2\/comments?post=5"}],"version-history":[{"count":146,"href":"https:\/\/jennikoho.com\/fi\/wp-json\/wp\/v2\/pages\/5\/revisions"}],"predecessor-version":[{"id":2001,"href":"https:\/\/jennikoho.com\/fi\/wp-json\/wp\/v2\/pages\/5\/revisions\/2001"}],"wp:featuredmedia":[{"embeddable":true,"href":"https:\/\/jennikoho.com\/fi\/wp-json\/wp\/v2\/media\/1570"}],"wp:attachment":[{"href":"https:\/\/jennikoho.com\/fi\/wp-json\/wp\/v2\/media?parent=5"}],"curies":[{"name":"wp","href":"https:\/\/api.w.org\/{rel}","templated":true}]}}