{"id":62,"date":"2019-08-29T11:05:07","date_gmt":"2019-08-29T11:05:07","guid":{"rendered":"https:\/\/demosites.io\/rokophoto-bb\/?page_id=62"},"modified":"2024-04-24T12:30:33","modified_gmt":"2024-04-24T09:30:33","slug":"projects","status":"publish","type":"page","link":"https:\/\/jennikoho.com\/fi\/projects\/","title":{"rendered":"Projektit"},"content":{"rendered":"<img decoding=\"async\" data-src=\"https:\/\/jennikoho.com\/wp-content\/plugins\/beaver-builder-lite-version\/img\/pixel.png\" alt=\"\" itemprop=\"image\" onerror=\"this.style.display='none'\" src=\"data:image\/svg+xml;base64,PHN2ZyB3aWR0aD0iMSIgaGVpZ2h0PSIxIiB4bWxucz0iaHR0cDovL3d3dy53My5vcmcvMjAwMC9zdmciPjwvc3ZnPg==\" class=\"lazyload\" style=\"--smush-placeholder-width: 3px; --smush-placeholder-aspect-ratio: 3\/2;\" \/>\n\t\t\t\t<img decoding=\"async\" data-src=\"https:\/\/jennikoho.com\/wp-content\/uploads\/2024\/02\/Jenni-koho-black-text.png\" alt=\"Jenni-koho-black-text\" itemprop=\"image\" height=\"1000\" width=\"1000\" title=\"Jenni-koho-black-text\" onerror=\"this.style.display='none'\" src=\"data:image\/svg+xml;base64,PHN2ZyB3aWR0aD0iMSIgaGVpZ2h0PSIxIiB4bWxucz0iaHR0cDovL3d3dy53My5vcmcvMjAwMC9zdmciPjwvc3ZnPg==\" class=\"lazyload\" style=\"--smush-placeholder-width: 1000px; --smush-placeholder-aspect-ratio: 1000\/1000;\" \/>\n\t<p><strong>SULAPAC<\/strong><\/p>\n\t<p>YHTEISTY\u00d6<\/p>\n<p>Sulapac\u00ae is an award-winning, patented and bio-based plastic alternative. Sulapac&#8217;s innovative materials are designed to reduce plastic pollution and at the heart of its business is the promise of good usability without forgetting aesthetic values. To educate and influence the consumer, Sulapac re-launched their Instagram account with refreshed visual look and feel. The visual aim of the project was to create a set of pictures to serve both as the Instagram kick-off campaign content and to use the pictures in other marketing channels as well. Since 2021, the collaboration has been ongoing and carefully planned and executed visual content has been utilised in various social media channels, blog posts and other marketing materials.\u00a0<\/p>\n<p>Lis\u00e4\u00e4 inspiraatiota ja kuvamateriaalia l\u00f6yd\u00e4t osoitteesta: <a href=\"http:\/\/www.sulapac.com\" target=\"_blank\" rel=\"noopener\">http:\/\/www.sulapac.com <\/a>tai yhteisty\u00f6kumppani <a href=\"https:\/\/www.paperplanes.fi\/asiakkaat\/case-study-sulapac\/\" target=\"_blank\" rel=\"noopener\">Paper Planesin<\/a> kuratoimasta esimerkkiprojektista, jossa kuvia on hy\u00f6dynnetty monipuolisesti erilaisissa digitaalisissa kampanjoissa.<\/p>\n\t\t\t\t<img decoding=\"async\" data-src=\"https:\/\/jennikoho.com\/wp-content\/uploads\/2022\/05\/marketing-launch-campaign-photographer.jpg\" alt=\"Group product photo with orange backdrop and nature derived props and materials.\" itemprop=\"image\" height=\"600\" width=\"600\" title=\"marketing-launch-campaign-photographer\" onerror=\"this.style.display='none'\" src=\"data:image\/svg+xml;base64,PHN2ZyB3aWR0aD0iMSIgaGVpZ2h0PSIxIiB4bWxucz0iaHR0cDovL3d3dy53My5vcmcvMjAwMC9zdmciPjwvc3ZnPg==\" class=\"lazyload\" style=\"--smush-placeholder-width: 600px; --smush-placeholder-aspect-ratio: 600\/600;\" \/>\n\t<p><strong>B\u00c4R BAR<\/strong><\/p>\n\t<p>YHTEISTY\u00d6<\/p>\n<p>B\u00e4r Bar on suomalainen smoothie- ja sandwichbaari, jossa ilo sek\u00e4 terveellisyys kohtaavat pohjoismaiset superfoodit. Ensimm\u00e4isess\u00e4 yhteisty\u00f6ss\u00e4 keskityttiin br\u00e4ndin tunnettuuden rakentamiseen sek\u00e4 avainvisuaalien tuottamiseen uuden B\u00e4r Barin avajaisiin Helsinki-Vantaan lentoasemalla kev\u00e4\u00e4ll\u00e4 2022. Stailattuja tuotekuvia hy\u00f6dynnettiin sosiaalisen median kanavissa, n\u00e4yt\u00f6ill\u00e4, verkkosivuilla sek\u00e4 muissa julkaisumateriaaleissa. Vuoden 2023 projektit keskittyv\u00e4t uusiin tuotelanseerauksiin sek\u00e4 erilaisiin sis\u00e4ll\u00f6ntuotannon ja markkinoinnin toimenpiteisiin.\u00a0<\/p>\n<p>To read more about B\u00e4r Bar&#8217;s berryful mission, please visit: <a href=\"http:\/\/www.barbar.fi\" target=\"_blank\" rel=\"noopener\">www.barbar.fi<\/a>.<\/p>\n\t\t\t\t<img decoding=\"async\" data-src=\"https:\/\/jennikoho.com\/wp-content\/uploads\/2023\/01\/Styled-food-photo-for-restaurants-and-brands-1.jpg\" alt=\"Styled food photo of a smoothie bowl styled with fresh berries and wooden spoon.\" itemprop=\"image\" height=\"600\" width=\"600\" title=\"Styled-food-photo-for-restaurants-and-brands\" onerror=\"this.style.display='none'\" src=\"data:image\/svg+xml;base64,PHN2ZyB3aWR0aD0iMSIgaGVpZ2h0PSIxIiB4bWxucz0iaHR0cDovL3d3dy53My5vcmcvMjAwMC9zdmciPjwvc3ZnPg==\" class=\"lazyload\" style=\"--smush-placeholder-width: 600px; --smush-placeholder-aspect-ratio: 600\/600;\" \/>\n\t<p><strong>CITY IN A BOX<\/strong><\/p>\n\t<p>YHTEISTY\u00d6<\/p>\nCity in a box is a carefully curated collection of local experiences in different Finnish cities. Company&#8217;s mission is focused on bringing local services and gift givers together in a joyful and heartful way. The team values entrepreneurial spirit and stands strongly behind the delight and love for the home region. Their resourceful gift voucher and ecological business model brings opportunities for both small businesses and conscious consumers. Aim of the collaboration was to create a playful and purposeful set of pictures and cohesive visual identity highlighting company&#8217;s core values, versatility and ease of use.\u00a0\n<p>Tutustu yritykseen ja el\u00e4myslahjaan t\u00e4\u00e4lt\u00e4: <a href=\"http:\/\/www.cityinabox.fi\" target=\"_blank\" rel=\"noopener\">www.cityinabox.fi<\/a>.<\/p>\n\t\t\t\t<img decoding=\"async\" data-src=\"https:\/\/jennikoho.com\/wp-content\/uploads\/2023\/01\/jenni-joanna-visuals-visual-branding-portfolio.jpg\" alt=\"Product photographer Jenni Paajanen styling product photography sessions with recycled props and yellow background.\" itemprop=\"image\" height=\"600\" width=\"600\" title=\"jenni-joanna-visuals-visual-branding-portfolio\" onerror=\"this.style.display='none'\" src=\"data:image\/svg+xml;base64,PHN2ZyB3aWR0aD0iMSIgaGVpZ2h0PSIxIiB4bWxucz0iaHR0cDovL3d3dy53My5vcmcvMjAwMC9zdmciPjwvc3ZnPg==\" class=\"lazyload\" style=\"--smush-placeholder-width: 600px; --smush-placeholder-aspect-ratio: 600\/600;\" \/>\n\t<p><strong>SCHWAN COSMETICS<\/strong><\/p>\n\t<p>YHTEISTY\u00d6<\/p>\n<p>Global make-up supplier Schwan Cosmetics and Sulapac combined their skills to launch innovative cosmetic pencils highlighting the importance of plastic-free packaging without sacrificing performance. The joint effort did not only have a big impact on the beauty ecosystem but also on their continued work on new innovations and sustainable mission to reduce plastic waste.\u00a0 The launch of the Better Barrel is the first time that Sulapac&#8217;s plastic alternative material is being used in color cosmetic pencils. The collaboration images and artwork were used worldwide in PR campaigns and in different types of local marketing efforts.<\/p>\n<p>Lue lanseerauksesta lis\u00e4\u00e4 <a href=\"https:\/\/www.mynewsdesk.com\/sulapac\/pressreleases\/global-makeup-supplier-schwan-cosmetics-and-sulapac-create-a-cosmetic-pencil-with-a-plant-based-barrel-to-offer-an-alternative-to-conventional-plastic-3200429\" target=\"_blank\" rel=\"noopener\">t\u00e4\u00e4lt\u00e4<\/a> tai vieraile osoitteessa: <a href=\"http:\/\/www.schwancosmetics.com\" target=\"_blank\" rel=\"noopener\">www.schwancosmetics.com<\/a>.<\/p>\n\t\t\t\t<img decoding=\"async\" data-src=\"https:\/\/jennikoho.com\/wp-content\/uploads\/2023\/01\/Premium-tuotekuvaus-ja-stailaus-jenni-paajanen.jpg\" alt=\"Premium product photo of a cosmetic packaging and make-up liners in different colors on a natural background and nature elements.\" itemprop=\"image\" height=\"600\" width=\"600\" title=\"Premium-tuotekuvaus-ja-stailaus-jenni-paajanen\" onerror=\"this.style.display='none'\" src=\"data:image\/svg+xml;base64,PHN2ZyB3aWR0aD0iMSIgaGVpZ2h0PSIxIiB4bWxucz0iaHR0cDovL3d3dy53My5vcmcvMjAwMC9zdmciPjwvc3ZnPg==\" class=\"lazyload\" style=\"--smush-placeholder-width: 600px; --smush-placeholder-aspect-ratio: 600\/600;\" \/>\n\t<p><strong>AIDA IMPACT\u00a0<\/strong><\/p>\n\t<p>YHTEISTY\u00d6<\/p>\n<p>AIDA Impact is a Helsinki born jewellery brand that seeks to create sustainable and measurable social impact. They offer beauty and joyful experiences through naturally sourced, fine craftmanship jewellery. The brand is also known for helping their community and employees by empowering women and by providing a gateway to working life for immigrants and refugees. Photography and set styling for Valentine&#8217;s day campaign promotion in partnership with Sulapac\u00ae.<\/p>\n<p>To read more about AIDA&#8217;s heartful mission, please visit: <a href=\"http:\/\/www.aidaimpact.com\" target=\"_blank\" rel=\"noopener\">www.aidaimpact.com<\/a>.<\/p>\n\t\t\t\t<img decoding=\"async\" data-src=\"https:\/\/jennikoho.com\/wp-content\/uploads\/2022\/05\/professional-product-and-jewellery-photographer-in-helsinki-finland.jpg\" alt=\"Product photography with a positive impact and conscious values focused on empowering creativity and healing through art, community and wisdom.\" itemprop=\"image\" height=\"600\" width=\"600\" title=\"professional-product-and-jewellery-photographer-in-helsinki-finland\" onerror=\"this.style.display='none'\" src=\"data:image\/svg+xml;base64,PHN2ZyB3aWR0aD0iMSIgaGVpZ2h0PSIxIiB4bWxucz0iaHR0cDovL3d3dy53My5vcmcvMjAwMC9zdmciPjwvc3ZnPg==\" class=\"lazyload\" style=\"--smush-placeholder-width: 600px; --smush-placeholder-aspect-ratio: 600\/600;\" \/>\n\t<p><strong>VISIT BLOG:<\/strong><\/p>\n<a href=\"https:\/\/jennikoho.com\/fi\/from-burnout-to-creative-bloom\/\"><img decoding=\"async\" data-src=\"https:\/\/jennikoho.com\/wp-content\/uploads\/2022\/05\/visual-storyteller-with-props-300x200.jpg\" src=\"data:image\/svg+xml;base64,PHN2ZyB3aWR0aD0iMSIgaGVpZ2h0PSIxIiB4bWxucz0iaHR0cDovL3d3dy53My5vcmcvMjAwMC9zdmciPjwvc3ZnPg==\" class=\"lazyload\" style=\"--smush-placeholder-width: 300px; --smush-placeholder-aspect-ratio: 300\/200;\" \/><\/a><h2>From Burnout To Creative Bloom<\/h2>By <a href=\"https:\/\/jennikoho.com\/fi\/author\/jennijoanna\/\" title=\"Jenni Koho\"><b>Jenni Koho<\/b><\/a>10\/04\/2023<p>I have spent majority of my photography journey running after &#8220;candid&#8221; shots and appreciating the beauty of&#8230;<a href=\"https:\/\/jennikoho.com\/fi\/from-burnout-to-creative-bloom\/\">Read more<\/a><\/p>\n<a href=\"https:\/\/jennikoho.com\/fi\/are-creative-people-born-or-made\/\"><img decoding=\"async\" data-src=\"https:\/\/jennikoho.com\/wp-content\/uploads\/2024\/02\/Jenni-Johanna-Koho-Visuals-Premium-portraits-300x200.jpg\" src=\"data:image\/svg+xml;base64,PHN2ZyB3aWR0aD0iMSIgaGVpZ2h0PSIxIiB4bWxucz0iaHR0cDovL3d3dy53My5vcmcvMjAwMC9zdmciPjwvc3ZnPg==\" class=\"lazyload\" style=\"--smush-placeholder-width: 300px; --smush-placeholder-aspect-ratio: 300\/200;\" \/><\/a><h2>Are Creative People Born Or Made?<\/h2>By <a href=\"https:\/\/jennikoho.com\/fi\/author\/jennijoanna\/\" title=\"Jenni Koho\"><b>Jenni Koho<\/b><\/a>04\/04\/2023<p>Everyone is creative in their own way. The key is to understand what creativity means to you&#8230;<a href=\"https:\/\/jennikoho.com\/fi\/are-creative-people-born-or-made\/\">Read more<\/a><\/p>\n<a href=\"https:\/\/jennikoho.com\/fi\/3-ways-to-build-trust-as-an-artist\/\"><img decoding=\"async\" data-src=\"https:\/\/jennikoho.com\/wp-content\/uploads\/2024\/02\/Jenni-koho-art-300x200.jpg\" src=\"data:image\/svg+xml;base64,PHN2ZyB3aWR0aD0iMSIgaGVpZ2h0PSIxIiB4bWxucz0iaHR0cDovL3d3dy53My5vcmcvMjAwMC9zdmciPjwvc3ZnPg==\" class=\"lazyload\" style=\"--smush-placeholder-width: 300px; --smush-placeholder-aspect-ratio: 300\/200;\" \/><\/a><h2>3 Ways To Build Trust As An Artist<\/h2>By <a href=\"https:\/\/jennikoho.com\/fi\/author\/jennijoanna\/\" title=\"Jenni Koho\"><b>Jenni Koho<\/b><\/a>13\/02\/2023<p>In many ways, art is about trust. Being creative is really about sailing the waves of not&#8230;<a href=\"https:\/\/jennikoho.com\/fi\/3-ways-to-build-trust-as-an-artist\/\">Read more<\/a><\/p>\n\n<ul>\n    <li>\n        <a href=\"https:\/\/www.instagram.com\/kohovisuals\/\" target=\"_blank\" rel=\"noopener\"><\/a>\n    <\/li>\n     <li>\n        <a href=\"https:\/\/www.pinterest.com\/kohovisuals\/\" target=\"_blank\" rel=\"noopener\"><\/a>\n    <\/li>\n    <li>\n        <a href=\"https:\/\/www.linkedin.com\/in\/jennikoho\/\" target=\"_blank\" rel=\"noopener\"><\/a>\n    <\/li>\n      <li>\n        <a href=\"https:\/\/www.facebook.com\/kohovisuals\" target=\"_blank\" rel=\"noopener\"><\/a>\n    <\/li>\n<\/ul>\n\t\t\t\t<a href=\"https:\/\/jennikoho.com\/wp-content\/uploads\/2018\/06\/Finland_green_living.jpg\" target=\"_self\" itemprop=\"url\" rel=\"noopener\">\n\t\t\t\t<img decoding=\"async\" data-src=\"https:\/\/jennikoho.com\/wp-content\/uploads\/2018\/06\/Finland_green_living-1024x579.jpg\" alt=\"Finland_green_living\" itemprop=\"image\" height=\"579\" width=\"1024\" title=\"Finland_green_living\" onerror=\"this.style.display='none'\" src=\"data:image\/svg+xml;base64,PHN2ZyB3aWR0aD0iMSIgaGVpZ2h0PSIxIiB4bWxucz0iaHR0cDovL3d3dy53My5vcmcvMjAwMC9zdmciPjwvc3ZnPg==\" class=\"lazyload\" style=\"--smush-placeholder-width: 1024px; --smush-placeholder-aspect-ratio: 1024\/579;\" \/>\n\t\t\t\t<\/a>\n\t\t\t\t<a href=\"https:\/\/jennikoho.com\/wp-content\/uploads\/2018\/06\/Littlekindsouls_jennijoanna_2018.png\" target=\"_self\" itemprop=\"url\" rel=\"noopener\">\n\t\t\t\t<img decoding=\"async\" data-src=\"https:\/\/jennikoho.com\/wp-content\/uploads\/2018\/06\/Littlekindsouls_jennijoanna_2018.png\" alt=\"\" itemprop=\"image\" height=\"800\" width=\"800\" onerror=\"this.style.display='none'\" src=\"data:image\/svg+xml;base64,PHN2ZyB3aWR0aD0iMSIgaGVpZ2h0PSIxIiB4bWxucz0iaHR0cDovL3d3dy53My5vcmcvMjAwMC9zdmciPjwvc3ZnPg==\" class=\"lazyload\" style=\"--smush-placeholder-width: 800px; --smush-placeholder-aspect-ratio: 800\/800;\" \/>\n\t\t\t\t<\/a>\n\t\t\t\t<a href=\"https:\/\/jennikoho.com\/wp-content\/uploads\/2020\/09\/Valokuvaus_ammattikuvaaja_edullinen.jpg\" target=\"_self\" itemprop=\"url\" rel=\"noopener\">\n\t\t\t\t<img decoding=\"async\" data-src=\"https:\/\/jennikoho.com\/wp-content\/uploads\/2020\/09\/Valokuvaus_ammattikuvaaja_edullinen.jpg\" alt=\"Valokuvaus\" itemprop=\"image\" height=\"600\" width=\"600\" title=\"Valokuvaus\" onerror=\"this.style.display='none'\" src=\"data:image\/svg+xml;base64,PHN2ZyB3aWR0aD0iMSIgaGVpZ2h0PSIxIiB4bWxucz0iaHR0cDovL3d3dy53My5vcmcvMjAwMC9zdmciPjwvc3ZnPg==\" class=\"lazyload\" style=\"--smush-placeholder-width: 600px; --smush-placeholder-aspect-ratio: 600\/600;\" \/>\n\t\t\t\t<\/a>\n\t\t\t\t<a href=\"https:\/\/jennikoho.com\/wp-content\/uploads\/2020\/09\/Mindfulness_tunteet_valokuvaus-scaled.jpg\" target=\"_self\" itemprop=\"url\" rel=\"noopener\">\n\t\t\t\t<img decoding=\"async\" data-src=\"https:\/\/jennikoho.com\/wp-content\/uploads\/2020\/09\/Mindfulness_tunteet_valokuvaus-scaled.jpg\" alt=\"Valokuvaaja\" itemprop=\"image\" height=\"1707\" width=\"2560\" title=\"Valokuvaaja\" onerror=\"this.style.display='none'\" src=\"data:image\/svg+xml;base64,PHN2ZyB3aWR0aD0iMSIgaGVpZ2h0PSIxIiB4bWxucz0iaHR0cDovL3d3dy53My5vcmcvMjAwMC9zdmciPjwvc3ZnPg==\" class=\"lazyload\" style=\"--smush-placeholder-width: 2560px; --smush-placeholder-aspect-ratio: 2560\/1707;\" \/>\n\t\t\t\t<\/a>","protected":false},"excerpt":{"rendered":"<p>SULAPAC COLLABORATION Sulapac\u00ae is an award-winning, patented and bio-based plastic alternative. Sulapac&#8217;s innovative materials are designed to reduce plastic pollution and at the heart of its business is the promise of good usability without forgetting aesthetic values. To educate and influence the consumer, Sulapac re-launched their Instagram account with refreshed visual look and feel. The&hellip;&nbsp;<a href=\"https:\/\/jennikoho.com\/fi\/projects\/\" rel=\"bookmark\">Lue lis\u00e4\u00e4 &raquo;<span class=\"screen-reader-text\">Projektit<\/span><\/a><\/p>","protected":false},"author":1,"featured_media":1746,"parent":0,"menu_order":0,"comment_status":"closed","ping_status":"closed","template":"page-templates\/template-pagebuilder-full-width.php","meta":{"neve_meta_sidebar":"","neve_meta_container":"","neve_meta_enable_content_width":"","neve_meta_content_width":70,"neve_meta_title_alignment":"","neve_meta_author_avatar":"","neve_post_elements_order":"","neve_meta_disable_header":"","neve_meta_disable_footer":"","neve_meta_disable_title":"","footnotes":""},"class_list":["post-62","page","type-page","status-publish","has-post-thumbnail","hentry"],"yoast_head":"<!-- This site is optimized with the Yoast SEO plugin v27.5 - https:\/\/yoast.com\/product\/yoast-seo-wordpress\/ -->\n<title>Projects - Jenni Koho - Creativity with purpose made visible<\/title>\n<meta name=\"description\" content=\"Jenni Koho, founder of Koho Visuals, is purpose driven visual artist, creativity coach and professional brand photographer based in Finland.\" \/>\n<meta name=\"robots\" content=\"index, follow, max-snippet:-1, max-image-preview:large, max-video-preview:-1\" \/>\n<link rel=\"canonical\" href=\"https:\/\/jennikoho.com\/fi\/projects\/\" \/>\n<meta property=\"og:locale\" content=\"fi_FI\" \/>\n<meta property=\"og:type\" content=\"article\" \/>\n<meta property=\"og:title\" content=\"Projects - Jenni Koho - Creativity with purpose made visible\" \/>\n<meta property=\"og:description\" content=\"Jenni Koho, founder of Koho Visuals, is purpose driven visual artist, creativity coach and professional brand photographer based in Finland.\" \/>\n<meta property=\"og:url\" content=\"https:\/\/jennikoho.com\/fi\/projects\/\" \/>\n<meta property=\"og:site_name\" content=\"Jenni Koho\" \/>\n<meta property=\"article:modified_time\" content=\"2024-04-24T09:30:33+00:00\" \/>\n<meta property=\"og:image\" content=\"https:\/\/jennikoho.com\/wp-content\/uploads\/2024\/02\/Jenni-Johanna-Koho-Visuals-Premium-portraits.jpg\" \/>\n\t<meta property=\"og:image:width\" content=\"1600\" \/>\n\t<meta property=\"og:image:height\" content=\"1067\" \/>\n\t<meta property=\"og:image:type\" content=\"image\/jpeg\" \/>\n<meta name=\"twitter:card\" content=\"summary_large_image\" \/>\n<meta name=\"twitter:label1\" content=\"Arvioitu lukuaika\" \/>\n\t<meta name=\"twitter:data1\" content=\"5 minuuttia\" \/>\n<script type=\"application\/ld+json\" class=\"yoast-schema-graph\">{\"@context\":\"https:\\\/\\\/schema.org\",\"@graph\":[{\"@type\":\"WebPage\",\"@id\":\"https:\\\/\\\/jennikoho.com\\\/projects\\\/\",\"url\":\"https:\\\/\\\/jennikoho.com\\\/projects\\\/\",\"name\":\"Projects - Jenni Koho - Creativity with purpose made visible\",\"isPartOf\":{\"@id\":\"https:\\\/\\\/jennikoho.com\\\/#website\"},\"primaryImageOfPage\":{\"@id\":\"https:\\\/\\\/jennikoho.com\\\/projects\\\/#primaryimage\"},\"image\":{\"@id\":\"https:\\\/\\\/jennikoho.com\\\/projects\\\/#primaryimage\"},\"thumbnailUrl\":\"https:\\\/\\\/jennikoho.com\\\/wp-content\\\/uploads\\\/2024\\\/02\\\/Jenni-Johanna-Koho-Visuals-Premium-portraits.jpg\",\"datePublished\":\"2019-08-29T11:05:07+00:00\",\"dateModified\":\"2024-04-24T09:30:33+00:00\",\"description\":\"Jenni Koho, founder of Koho Visuals, is purpose driven visual artist, creativity coach and professional brand photographer based in Finland.\",\"breadcrumb\":{\"@id\":\"https:\\\/\\\/jennikoho.com\\\/projects\\\/#breadcrumb\"},\"inLanguage\":\"fi\",\"potentialAction\":[{\"@type\":\"ReadAction\",\"target\":[\"https:\\\/\\\/jennikoho.com\\\/projects\\\/\"]}]},{\"@type\":\"ImageObject\",\"inLanguage\":\"fi\",\"@id\":\"https:\\\/\\\/jennikoho.com\\\/projects\\\/#primaryimage\",\"url\":\"https:\\\/\\\/jennikoho.com\\\/wp-content\\\/uploads\\\/2024\\\/02\\\/Jenni-Johanna-Koho-Visuals-Premium-portraits.jpg\",\"contentUrl\":\"https:\\\/\\\/jennikoho.com\\\/wp-content\\\/uploads\\\/2024\\\/02\\\/Jenni-Johanna-Koho-Visuals-Premium-portraits.jpg\",\"width\":1600,\"height\":1067},{\"@type\":\"BreadcrumbList\",\"@id\":\"https:\\\/\\\/jennikoho.com\\\/projects\\\/#breadcrumb\",\"itemListElement\":[{\"@type\":\"ListItem\",\"position\":1,\"name\":\"Home\",\"item\":\"https:\\\/\\\/jennikoho.com\\\/\"},{\"@type\":\"ListItem\",\"position\":2,\"name\":\"Projects\"}]},{\"@type\":\"WebSite\",\"@id\":\"https:\\\/\\\/jennikoho.com\\\/#website\",\"url\":\"https:\\\/\\\/jennikoho.com\\\/\",\"name\":\"Jenni Koho\",\"description\":\"Creativity with purpose made visible\",\"potentialAction\":[{\"@type\":\"SearchAction\",\"target\":{\"@type\":\"EntryPoint\",\"urlTemplate\":\"https:\\\/\\\/jennikoho.com\\\/?s={search_term_string}\"},\"query-input\":{\"@type\":\"PropertyValueSpecification\",\"valueRequired\":true,\"valueName\":\"search_term_string\"}}],\"inLanguage\":\"fi\"}]}<\/script>\n<!-- \/ Yoast SEO plugin. -->","yoast_head_json":{"title":"Projects - Jenni Koho - Creativity with purpose made visible","description":"Jenni Koho, founder of Koho Visuals, is purpose driven visual artist, creativity coach and professional brand photographer based in Finland.","robots":{"index":"index","follow":"follow","max-snippet":"max-snippet:-1","max-image-preview":"max-image-preview:large","max-video-preview":"max-video-preview:-1"},"canonical":"https:\/\/jennikoho.com\/fi\/projects\/","og_locale":"fi_FI","og_type":"article","og_title":"Projects - Jenni Koho - Creativity with purpose made visible","og_description":"Jenni Koho, founder of Koho Visuals, is purpose driven visual artist, creativity coach and professional brand photographer based in Finland.","og_url":"https:\/\/jennikoho.com\/fi\/projects\/","og_site_name":"Jenni Koho","article_modified_time":"2024-04-24T09:30:33+00:00","og_image":[{"width":1600,"height":1067,"url":"https:\/\/jennikoho.com\/wp-content\/uploads\/2024\/02\/Jenni-Johanna-Koho-Visuals-Premium-portraits.jpg","type":"image\/jpeg"}],"twitter_card":"summary_large_image","twitter_misc":{"Arvioitu lukuaika":"5 minuuttia"},"schema":{"@context":"https:\/\/schema.org","@graph":[{"@type":"WebPage","@id":"https:\/\/jennikoho.com\/projects\/","url":"https:\/\/jennikoho.com\/projects\/","name":"Projects - Jenni Koho - Creativity with purpose made visible","isPartOf":{"@id":"https:\/\/jennikoho.com\/#website"},"primaryImageOfPage":{"@id":"https:\/\/jennikoho.com\/projects\/#primaryimage"},"image":{"@id":"https:\/\/jennikoho.com\/projects\/#primaryimage"},"thumbnailUrl":"https:\/\/jennikoho.com\/wp-content\/uploads\/2024\/02\/Jenni-Johanna-Koho-Visuals-Premium-portraits.jpg","datePublished":"2019-08-29T11:05:07+00:00","dateModified":"2024-04-24T09:30:33+00:00","description":"Jenni Koho, founder of Koho Visuals, is purpose driven visual artist, creativity coach and professional brand photographer based in Finland.","breadcrumb":{"@id":"https:\/\/jennikoho.com\/projects\/#breadcrumb"},"inLanguage":"fi","potentialAction":[{"@type":"ReadAction","target":["https:\/\/jennikoho.com\/projects\/"]}]},{"@type":"ImageObject","inLanguage":"fi","@id":"https:\/\/jennikoho.com\/projects\/#primaryimage","url":"https:\/\/jennikoho.com\/wp-content\/uploads\/2024\/02\/Jenni-Johanna-Koho-Visuals-Premium-portraits.jpg","contentUrl":"https:\/\/jennikoho.com\/wp-content\/uploads\/2024\/02\/Jenni-Johanna-Koho-Visuals-Premium-portraits.jpg","width":1600,"height":1067},{"@type":"BreadcrumbList","@id":"https:\/\/jennikoho.com\/projects\/#breadcrumb","itemListElement":[{"@type":"ListItem","position":1,"name":"Home","item":"https:\/\/jennikoho.com\/"},{"@type":"ListItem","position":2,"name":"Projects"}]},{"@type":"WebSite","@id":"https:\/\/jennikoho.com\/#website","url":"https:\/\/jennikoho.com\/","name":"Jenni Koho","description":"Arvojesi tarkoitus on tulla n\u00e4kyv\u00e4ksi","potentialAction":[{"@type":"SearchAction","target":{"@type":"EntryPoint","urlTemplate":"https:\/\/jennikoho.com\/?s={search_term_string}"},"query-input":{"@type":"PropertyValueSpecification","valueRequired":true,"valueName":"search_term_string"}}],"inLanguage":"fi"}]}},"_links":{"self":[{"href":"https:\/\/jennikoho.com\/fi\/wp-json\/wp\/v2\/pages\/62","targetHints":{"allow":["GET"]}}],"collection":[{"href":"https:\/\/jennikoho.com\/fi\/wp-json\/wp\/v2\/pages"}],"about":[{"href":"https:\/\/jennikoho.com\/fi\/wp-json\/wp\/v2\/types\/page"}],"author":[{"embeddable":true,"href":"https:\/\/jennikoho.com\/fi\/wp-json\/wp\/v2\/users\/1"}],"replies":[{"embeddable":true,"href":"https:\/\/jennikoho.com\/fi\/wp-json\/wp\/v2\/comments?post=62"}],"version-history":[{"count":78,"href":"https:\/\/jennikoho.com\/fi\/wp-json\/wp\/v2\/pages\/62\/revisions"}],"predecessor-version":[{"id":1969,"href":"https:\/\/jennikoho.com\/fi\/wp-json\/wp\/v2\/pages\/62\/revisions\/1969"}],"wp:featuredmedia":[{"embeddable":true,"href":"https:\/\/jennikoho.com\/fi\/wp-json\/wp\/v2\/media\/1746"}],"wp:attachment":[{"href":"https:\/\/jennikoho.com\/fi\/wp-json\/wp\/v2\/media?parent=62"}],"curies":[{"name":"wp","href":"https:\/\/api.w.org\/{rel}","templated":true}]}}